{"id":30428,"date":"2019-06-19T11:15:55","date_gmt":"2019-06-19T09:15:55","guid":{"rendered":"https:\/\/www.oekostroum.lu\/contact\/"},"modified":"2022-11-14T09:56:41","modified_gmt":"2022-11-14T08:56:41","slug":"kontakt","status":"publish","type":"page","link":"https:\/\/www.oekostroum.lu\/de\/kontakt\/","title":{"rendered":"KONTAKT"},"content":{"rendered":"\t\t<div data-elementor-type=\"wp-page\" data-elementor-id=\"30428\" class=\"elementor elementor-30428\" data-elementor-post-type=\"page\">\n\t\t\t\t\t\t<section class=\"xts-negative-gap elementor-section elementor-top-section elementor-element elementor-element-f1c483c xts-section-stretch-content elementor-section-boxed elementor-section-height-default elementor-section-height-default\" data-id=\"f1c483c\" data-element_type=\"section\">\n\t\t\t\t\t\t<div class=\"elementor-container elementor-column-gap-no\">\n\t\t\t\t\t<div class=\"elementor-column elementor-col-100 elementor-top-column elementor-element elementor-element-995804f\" data-id=\"995804f\" data-element_type=\"column\">\n\t\t\t<div class=\"elementor-widget-wrap elementor-element-populated\">\n\t\t\t\t\t\t<div class=\"elementor-element elementor-element-7acfa22 xts-width-100 elementor-widget elementor-widget-xts_google_map\" data-id=\"7acfa22\" data-element_type=\"widget\" data-widget_type=\"xts_google_map.default\">\n\t\t\t\t<div class=\"elementor-widget-container\">\n\t\t\t\t\t\t\t\t<div class=\"xts-map\" data-map-args='{&quot;latitude&quot;:&quot;49.78368&quot;,&quot;longitude&quot;:&quot;6.47111&quot;,&quot;zoom&quot;:15,&quot;mouse_zoom&quot;:&quot;no&quot;,&quot;json_style&quot;:&quot;WwogICAgewogICAgICAgICJmZWF0dXJlVHlwZSI6ICJhbGwiLAogICAgICAgICJlbGVtZW50VHlwZSI6ICJnZW9tZXRyeSIsCiAgICAgICAgInN0eWxlcnMiOiBbCiAgICAgICAgICAgIHsKICAgICAgICAgICAgICAgICJ2aXNpYmlsaXR5IjogIm9mZiIKICAgICAgICAgICAgfSwKICAgICAgICAgICAgewogICAgICAgICAgICAgICAgImNvbG9yIjogIiNmZmZmZmYiCiAgICAgICAgICAgIH0KICAgICAgICBdCiAgICB9LAogICAgewogICAgICAgICJmZWF0dXJlVHlwZSI6ICJhbGwiLAogICAgICAgICJlbGVtZW50VHlwZSI6ICJsYWJlbHMiLAogICAgICAgICJzdHlsZXJzIjogWwogICAgICAgICAgICB7CiAgICAgICAgICAgICAgICAidmlzaWJpbGl0eSI6ICJvZmYiCiAgICAgICAgICAgIH0KICAgICAgICBdCiAgICB9LAogICAgewogICAgICAgICJmZWF0dXJlVHlwZSI6ICJsYW5kc2NhcGUiLAogICAgICAgICJlbGVtZW50VHlwZSI6ICJhbGwiLAogICAgICAgICJzdHlsZXJzIjogWwogICAgICAgICAgICB7CiAgICAgICAgICAgICAgICAiY29sb3IiOiAiI2ZmZmZmZiIKICAgICAgICAgICAgfSwKICAgICAgICAgICAgewogICAgICAgICAgICAgICAgInZpc2liaWxpdHkiOiAib24iCiAgICAgICAgICAgIH0KICAgICAgICBdCiAgICB9LAogICAgewogICAgICAgICJmZWF0dXJlVHlwZSI6ICJsYW5kc2NhcGUiLAogICAgICAgICJlbGVtZW50VHlwZSI6ICJnZW9tZXRyeSIsCiAgICAgICAgInN0eWxlcnMiOiBbCiAgICAgICAgICAgIHsKICAgICAgICAgICAgICAgICJ2aXNpYmlsaXR5IjogIm9uIgogICAgICAgICAgICB9CiAgICAgICAgXQogICAgfSwKICAgIHsKICAgICAgICAiZmVhdHVyZVR5cGUiOiAibGFuZHNjYXBlLm5hdHVyYWwiLAogICAgICAgICJlbGVtZW50VHlwZSI6ICJnZW9tZXRyeS5maWxsIiwKICAgICAgICAic3R5bGVycyI6IFsKICAgICAgICAgICAgewogICAgICAgICAgICAgICAgInZpc2liaWxpdHkiOiAib24iCiAgICAgICAgICAgIH0sCiAgICAgICAgICAgIHsKICAgICAgICAgICAgICAgICJjb2xvciI6ICIjZmZmZmZmIgogICAgICAgICAgICB9CiAgICAgICAgXQogICAgfSwKICAgIHsKICAgICAgICAiZmVhdHVyZVR5cGUiOiAicm9hZCIsCiAgICAgICAgImVsZW1lbnRUeXBlIjogImdlb21ldHJ5IiwKICAgICAgICAic3R5bGVycyI6IFsKICAgICAgICAgICAgewogICAgICAgICAgICAgICAgInZpc2liaWxpdHkiOiAib24iCiAgICAgICAgICAgIH0sCiAgICAgICAgICAgIHsKICAgICAgICAgICAgICAgICJjb2xvciI6ICIjZmY0MjI4IgogICAgICAgICAgICB9CiAgICAgICAgXQogICAgfSwKICAgIHsKICAgICAgICAiZmVhdHVyZVR5cGUiOiAidHJhbnNpdC5saW5lIiwKICAgICAgICAiZWxlbWVudFR5cGUiOiAiZ2VvbWV0cnkuZmlsbCIsCiAgICAgICAgInN0eWxlcnMiOiBbCiAgICAgICAgICAgIHsKICAgICAgICAgICAgICAgICJ2aXNpYmlsaXR5IjogIm9uIgogICAgICAgICAgICB9LAogICAgICAgICAgICB7CiAgICAgICAgICAgICAgICAiY29sb3IiOiAiIzczNzM3MyIKICAgICAgICAgICAgfQogICAgICAgIF0KICAgIH0sCiAgICB7CiAgICAgICAgImZlYXR1cmVUeXBlIjogInRyYW5zaXQubGluZSIsCiAgICAgICAgImVsZW1lbnRUeXBlIjogImdlb21ldHJ5LnN0cm9rZSIsCiAgICAgICAgInN0eWxlcnMiOiBbCiAgICAgICAgICAgIHsKICAgICAgICAgICAgICAgICJ2aXNpYmlsaXR5IjogIm9uIgogICAgICAgICAgICB9CiAgICAgICAgXQogICAgfSwKICAgIHsKICAgICAgICAiZmVhdHVyZVR5cGUiOiAid2F0ZXIiLAogICAgICAgICJlbGVtZW50VHlwZSI6ICJnZW9tZXRyeS5maWxsIiwKICAgICAgICAic3R5bGVycyI6IFsKICAgICAgICAgICAgewogICAgICAgICAgICAgICAgInZpc2liaWxpdHkiOiAib24iCiAgICAgICAgICAgIH0sCiAgICAgICAgICAgIHsKICAgICAgICAgICAgICAgICJjb2xvciI6ICIjMDQ0MjZmIgogICAgICAgICAgICB9CiAgICAgICAgXQogICAgfQpd&quot;,&quot;marker_icon&quot;:&quot;https:\\\/\\\/www.oekostroum.lu\\\/wp-content\\\/uploads\\\/2022\\\/02\\\/logo_white2.png&quot;,&quot;marker_text_needed&quot;:&quot;no&quot;,&quot;marker_text&quot;:&quot;&lt;h3&gt;&lt;\\\/h3&gt;&quot;,&quot;selector&quot;:&quot;xts-map-id-6a04a2003eca4&quot;,&quot;default_ui&quot;:false,&quot;lazy_type&quot;:&quot;page_load&quot;}'>\n\t\t\t\t<div id=\"xts-map-id-6a04a2003eca4\" class=\"xts-map-layout xts-fill\"><\/div>\n\n\t\t\t\t\n\t\t\t\t\t\t\t<\/div>\n\t\t\t\t\t\t<\/div>\n\t\t\t\t<\/div>\n\t\t\t\t\t<\/div>\n\t\t<\/div>\n\t\t\t\t\t<\/div>\n\t\t<\/section>\n\t\t\t\t<section class=\"xts-negative-gap elementor-section elementor-top-section elementor-element elementor-element-bf4fb8c elementor-section-boxed elementor-section-height-default elementor-section-height-default xts-section-disabled\" data-id=\"bf4fb8c\" data-element_type=\"section\">\n\t\t\t\t\t\t<div class=\"elementor-container elementor-column-gap-no\">\n\t\t\t\t\t<div class=\"elementor-column elementor-col-66 elementor-top-column elementor-element elementor-element-6110b3e\" data-id=\"6110b3e\" data-element_type=\"column\" data-settings=\"{&quot;background_background&quot;:&quot;classic&quot;}\">\n\t\t\t<div class=\"elementor-widget-wrap elementor-element-populated\">\n\t\t\t\t\t\t<div class=\"elementor-element elementor-element-d44493f xts-width-100 elementor-widget elementor-widget-xts_title\" data-id=\"d44493f\" data-element_type=\"widget\" data-widget_type=\"xts_title.default\">\n\t\t\t\t<div class=\"elementor-widget-container\">\n\t\t\t\t\t\t\t\t<div class=\"xts-section-heading xts-reset-mb-10 xts-reset-last xts-textalign-left\" data-animation-delay=\"\">\n\t\t\t\t\n\t\t\t\t\t\t\t\t\t<h4 class=\"xts-section-title title xts-design-default xts-fontsize-xl\">\n\t\t\t\t\t\t<span class=\"xts-section-title-text\" data-elementor-setting-key=\"title\">\n\t\t\t\t\t\t\tKontaktieren Sie uns\t\t\t\t\t\t<\/span>\n\n\t\t\t\t\t\t\t\t\t\t\t<\/h4>\n\t\t\t\t\n\t\t\t\t\n\t\t\t\t\t\t\t\t\t<div class=\"xts-section-desc\">\n\t\t\t\t\t\t<div class=\"xts-section-desc-text xts-reset-all-last\" data-elementor-setting-key=\"description\">\n\t\t\t\t\t\t\t<p>Wir stehen Ihnen gerne zur Verf\u00fcgung, um alle Ihre Fragen zu OekoStroum oder zu unseren verschiedenen Einrichtungen in Luxemburg zu beantworten.<\/p>\t\t\t\t\t\t<\/div>\n\t\t\t\t\t<\/div>\n\t\t\t\t\t\t\t<\/div>\n\t\t\t\t\t\t<\/div>\n\t\t\t\t<\/div>\n\t\t\t\t<div class=\"elementor-element elementor-element-94f3312 elementor-widget elementor-widget-xts_contact_form_7\" data-id=\"94f3312\" data-element_type=\"widget\" data-widget_type=\"xts_contact_form_7.default\">\n\t\t\t\t<div class=\"elementor-widget-container\">\n\t\t\t\t\t\n<div class=\"wpcf7 no-js\" id=\"wpcf7-f30524-o1\" lang=\"de-DE\" dir=\"ltr\" data-wpcf7-id=\"30524\">\n<div class=\"screen-reader-response\"><p role=\"status\" aria-live=\"polite\" aria-atomic=\"true\"><\/p> <ul><\/ul><\/div>\n<form action=\"\/de\/wp-json\/wp\/v2\/pages\/30428#wpcf7-f30524-o1\" method=\"post\" class=\"wpcf7-form init xts-scheme-dark-form\" aria-label=\"Kontaktformular\" novalidate=\"novalidate\" data-status=\"init\">\n<fieldset class=\"hidden-fields-container\"><input type=\"hidden\" name=\"_wpcf7\" value=\"30524\" \/><input type=\"hidden\" name=\"_wpcf7_version\" value=\"6.1.4\" \/><input type=\"hidden\" name=\"_wpcf7_locale\" value=\"de_DE\" \/><input type=\"hidden\" name=\"_wpcf7_unit_tag\" value=\"wpcf7-f30524-o1\" \/><input type=\"hidden\" name=\"_wpcf7_container_post\" value=\"0\" \/><input type=\"hidden\" name=\"_wpcf7_posted_data_hash\" value=\"\" \/><input type=\"hidden\" name=\"_wpcf7_recaptcha_response\" value=\"\" \/>\n<\/fieldset>\n<div class=\"row row-spacing-20 row-spacing-bottom-20\">\n\t<p class=\"col-md-6\"><br \/>\n<span class=\"wpcf7-form-control-wrap\" data-name=\"First\"><input size=\"40\" maxlength=\"400\" class=\"wpcf7-form-control wpcf7-text wpcf7-validates-as-required\" aria-required=\"true\" aria-invalid=\"false\" placeholder=\"Ihr Vorname\" value=\"\" type=\"text\" name=\"First\" \/><\/span>\n\t<\/p>\n\t<p class=\"col-md-6\"><br \/>\n<span class=\"wpcf7-form-control-wrap\" data-name=\"Last\"><input size=\"40\" maxlength=\"400\" class=\"wpcf7-form-control wpcf7-text wpcf7-validates-as-required\" aria-required=\"true\" aria-invalid=\"false\" placeholder=\"Ihr Name\" value=\"\" type=\"text\" name=\"Last\" \/><\/span>\n\t<\/p>\n\t<p class=\"col-md-6\"><br \/>\n<span class=\"wpcf7-form-control-wrap\" data-name=\"Phone\"><input size=\"40\" maxlength=\"400\" class=\"wpcf7-form-control wpcf7-text wpcf7-validates-as-required\" aria-required=\"true\" aria-invalid=\"false\" placeholder=\"Ihr Telefon\" value=\"\" type=\"text\" name=\"Phone\" \/><\/span>\n\t<\/p>\n\t<p class=\"col-md-6\"><br \/>\n<span class=\"wpcf7-form-control-wrap\" data-name=\"Your_email\"><input size=\"40\" maxlength=\"400\" class=\"wpcf7-form-control wpcf7-email wpcf7-validates-as-required wpcf7-text wpcf7-validates-as-email\" aria-required=\"true\" aria-invalid=\"false\" placeholder=\"Ihre E-mail\" value=\"\" type=\"email\" name=\"Your_email\" \/><\/span>\n\t<\/p>\n\t<p class=\"col-md-12\"><br \/>\n<span class=\"wpcf7-form-control-wrap\" data-name=\"Enter_your_text\"><textarea cols=\"40\" rows=\"10\" maxlength=\"2000\" class=\"wpcf7-form-control wpcf7-textarea\" aria-invalid=\"false\" placeholder=\"Ihre Anfrage\" name=\"Enter_your_text\"><\/textarea><\/span>\n\t<\/p>\n\t<p class=\"col-md-auto\"><br \/>\n<input class=\"wpcf7-form-control wpcf7-submit has-spinner xts-button xts-color-primary xts-shape-round\" type=\"submit\" value=\"Senden\" \/>\n\t<\/p>\n<\/div><div class=\"wpcf7-response-output\" aria-hidden=\"true\"><\/div>\n<\/form>\n<\/div>\n\t\t\t\t<\/div>\n\t\t\t\t<\/div>\n\t\t\t\t\t<\/div>\n\t\t<\/div>\n\t\t\t\t<div class=\"elementor-column elementor-col-33 elementor-top-column elementor-element elementor-element-ba5cd72\" data-id=\"ba5cd72\" data-element_type=\"column\" data-settings=\"{&quot;background_background&quot;:&quot;classic&quot;}\">\n\t\t\t<div class=\"elementor-widget-wrap elementor-element-populated\">\n\t\t\t\t\t\t<div class=\"elementor-element elementor-element-dc12356 xts-width-100 elementor-widget elementor-widget-xts_title\" data-id=\"dc12356\" data-element_type=\"widget\" data-widget_type=\"xts_title.default\">\n\t\t\t\t<div class=\"elementor-widget-container\">\n\t\t\t\t\t\t\t\t<div class=\"xts-section-heading xts-reset-mb-10 xts-reset-last xts-textalign-left xts-scheme-light\" data-animation-delay=\"\">\n\t\t\t\t\n\t\t\t\t\t\t\t\t\t<h4 class=\"xts-section-title title xts-design-default xts-fontsize-xl\">\n\t\t\t\t\t\t<span class=\"xts-section-title-text\" data-elementor-setting-key=\"title\">\n\t\t\t\t\t\t\tFinde uns\t\t\t\t\t\t<\/span>\n\n\t\t\t\t\t\t\t\t\t\t\t<\/h4>\n\t\t\t\t\n\t\t\t\t\n\t\t\t\t\t\t\t\t\t<div class=\"xts-section-desc\">\n\t\t\t\t\t\t<div class=\"xts-section-desc-text xts-reset-all-last\" data-elementor-setting-key=\"description\">\n\t\t\t\t\t\t\t<p>\"Wir k\u00f6nnen die Windrichtung nicht \u00e4ndern, aber wir k\u00f6nnen die Segel richtig setzen\"<\/p>\t\t\t\t\t\t<\/div>\n\t\t\t\t\t<\/div>\n\t\t\t\t\t\t\t<\/div>\n\t\t\t\t\t\t<\/div>\n\t\t\t\t<\/div>\n\t\t\t\t<div class=\"elementor-element elementor-element-11df187 elementor-widget elementor-widget-xts_infobox\" data-id=\"11df187\" data-element_type=\"widget\" data-widget_type=\"xts_infobox.default\">\n\t\t\t\t<div class=\"elementor-widget-container\">\n\t\t\t\t\t\n\t\t<div class=\"xts-infobox xts-textalign-left xts-icon-side xts-items-center xts-scheme-light xts-cursor-pointer\" onclick=\"window.location.href=&quot;https:\/\/www.google.com\/maps\/place\/11+Rue+Principale,+6557+Rosport-Mompach,+Luxembourg\/data=!4m2!3m1!1s0x4795611bb3928cc1:0x9d9ba91277324c4b?sa=X&#038;ved=2ahUKEwjl0PK84aj6AhX_gv0HHaaxD-UQ8gF6BAgJEAE&quot;\">\n\t\t\t\t\t\t\t<div class=\"xts-box-icon-wrapper\">\n\t\t\t\t\t<div class=\"xts-box-icon xts-type-icon xts-with-brd-color xts-with-color xts-size-s xts-shape-square\">\n\t\t\t\t\t\t<i class=\"fas fa-map-marker-alt\"><\/i>\t\t\t\t\t<\/div>\n\t\t\t\t<\/div>\n\t\t\t\n\t\t\t<div class=\"xts-box-content xts-reset-mb-10 xts-reset-all-last\">\n\t\t\t\t\n\t\t\t\t\t\t\t\t\t<h4 class=\"xts-box-title title xts-fontsize-s\" data-elementor-setting-key=\"title\">\n\t\t\t\t\t\tAdresse:\t\t\t\t\t<\/h4>\n\t\t\t\t\n\t\t\t\t\t\t\t\t\t<div class=\"xts-box-desc\" data-elementor-setting-key=\"description\">\n\t\t\t\t\t\t11, Rue Principale<br>L-6557 Dickweiler \t\t\t\t\t<\/div>\n\t\t\t\t\n\t\t\t\t\t\t\t<\/div>\n\n\t\t\t\t\t\t\t<div class=\"xts-box-overlay xts-fill\"><\/div>\n\t\t\t\t\t<\/div>\n\n\t\t\t\t\t\t<\/div>\n\t\t\t\t<\/div>\n\t\t\t\t<div class=\"elementor-element elementor-element-e5ea91b elementor-widget elementor-widget-xts_infobox\" data-id=\"e5ea91b\" data-element_type=\"widget\" data-widget_type=\"xts_infobox.default\">\n\t\t\t\t<div class=\"elementor-widget-container\">\n\t\t\t\t\t\n\t\t<div class=\"xts-infobox xts-textalign-left xts-icon-side xts-items-start xts-scheme-light\" onclick=\"\">\n\t\t\t\t\t\t\t<div class=\"xts-box-icon-wrapper\">\n\t\t\t\t\t<div class=\"xts-box-icon xts-type-icon xts-with-brd-color xts-with-color xts-size-s xts-shape-square\">\n\t\t\t\t\t\t<i class=\"fas fa-phone-alt\"><\/i>\t\t\t\t\t<\/div>\n\t\t\t\t<\/div>\n\t\t\t\n\t\t\t<div class=\"xts-box-content xts-reset-mb-10 xts-reset-all-last\">\n\t\t\t\t\n\t\t\t\t\t\t\t\t\t<h4 class=\"xts-box-title title xts-fontsize-s\" data-elementor-setting-key=\"title\">\n\t\t\t\t\t\tTelefon:\t\t\t\t\t<\/h4>\n\t\t\t\t\n\t\t\t\t\t\t\t\t\t<div class=\"xts-box-desc\" data-elementor-setting-key=\"description\">\n\t\t\t\t\t\t+352 26 74 31 36\t\t\t\t\t<\/div>\n\t\t\t\t\n\t\t\t\t\t\t\t<\/div>\n\n\t\t\t\t\t\t\t<div class=\"xts-box-overlay xts-fill\"><\/div>\n\t\t\t\t\t<\/div>\n\n\t\t\t\t\t\t<\/div>\n\t\t\t\t<\/div>\n\t\t\t\t<div class=\"elementor-element elementor-element-3e72b66 elementor-widget elementor-widget-xts_infobox\" data-id=\"3e72b66\" data-element_type=\"widget\" data-widget_type=\"xts_infobox.default\">\n\t\t\t\t<div class=\"elementor-widget-container\">\n\t\t\t\t\t\n\t\t<div class=\"xts-infobox xts-textalign-left xts-icon-side xts-items-start xts-scheme-light xts-cursor-pointer\" onclick=\"window.location.href=&quot;mailto:info@oekostroum.lu&quot;\">\n\t\t\t\t\t\t\t<div class=\"xts-box-icon-wrapper\">\n\t\t\t\t\t<div class=\"xts-box-icon xts-type-icon xts-with-brd-color xts-with-color xts-size-s xts-shape-square\">\n\t\t\t\t\t\t<i class=\"far fa-envelope\"><\/i>\t\t\t\t\t<\/div>\n\t\t\t\t<\/div>\n\t\t\t\n\t\t\t<div class=\"xts-box-content xts-reset-mb-10 xts-reset-all-last\">\n\t\t\t\t\n\t\t\t\t\t\t\t\t\t<h4 class=\"xts-box-title title xts-fontsize-s\" data-elementor-setting-key=\"title\">\n\t\t\t\t\t\tEmail:\t\t\t\t\t<\/h4>\n\t\t\t\t\n\t\t\t\t\t\t\t\t\t<div class=\"xts-box-desc\" data-elementor-setting-key=\"description\">\n\t\t\t\t\t\tinfo@oekostroum.lu\t\t\t\t\t<\/div>\n\t\t\t\t\n\t\t\t\t\t\t\t<\/div>\n\n\t\t\t\t\t\t\t<div class=\"xts-box-overlay xts-fill\"><\/div>\n\t\t\t\t\t<\/div>\n\n\t\t\t\t\t\t<\/div>\n\t\t\t\t<\/div>\n\t\t\t\t<div class=\"elementor-element elementor-element-74015d4 elementor-widget elementor-widget-xts_social_buttons\" data-id=\"74015d4\" data-element_type=\"widget\" data-widget_type=\"xts_social_buttons.default\">\n\t\t\t\t<div class=\"elementor-widget-container\">\n\t\t\t\t\t\n\t\t<div class=\"xts-social-buttons-wrapper xts-textalign-left\">\n\n\t\t\t\n\t\t\t<div class=\"xts-social-buttons xts-social-icons xts-type-follow xts-style-bordered xts-size-s xts-shape-round xts-scheme-light\">\n\n\t\t\t\t\n\t\t\t\t\n\t\t\t\t\n\t\t\t\t\n\t\t\t\t\n\t\t\t\t\n\t\t\t\t\n\t\t\t\t\t\t\t\t\t<a data-elementor-open-lightbox=\"no\"  target=\"_blank\" class=\"xts-social-linkedin\" href=\"https:\/\/www.linkedin.com\/company\/80672811\">\n\t\t\t\t\t\t<i class=\"xts-i-linkedin\"><\/i>\n\t\t\t\t\t\t\t\t\t\t\t<\/a>\n\t\t\t\t\n\t\t\t\t\n\t\t\t\t\n\t\t\t\t\n\t\t\t\t\n\t\t\t\t\n\t\t\t\t\n\t\t\t\t\n\t\t\t\t\n\t\t\t\t\n\t\t\t\t\n\t\t\t\t\n\t\t\t\t\t\t\t\t\t<a data-elementor-open-lightbox=\"no\"  target=\"_blank\" class=\"xts-social-youtube\" href=\"https:\/\/www.youtube.com\/watch?v=z_O9OljYiRM\">\n\t\t\t\t\t\t<i class=\"xts-i-youtube\"><\/i>\n\t\t\t\t\t\t\t\t\t\t\t<\/a>\n\t\t\t\t\n\t\t\t\t\n\t\t\t\t\n\t\t\t<\/div>\n\n\t\t<\/div>\n\t\t\t\t\t\t<\/div>\n\t\t\t\t<\/div>\n\t\t\t\t\t<\/div>\n\t\t<\/div>\n\t\t\t\t\t<\/div>\n\t\t<\/section>\n\t\t\t\t<\/div>\n\t\t","protected":false},"excerpt":{"rendered":"<p>&#8222;,&#8220;selector&#8220;:&#8220;xts-map-id-637202c90bcb7&#8243;,&#8220;default_ui&#8220;:false,&#8220;lazy_type&#8220;:&#8220;page_load&#8220;}&#8217;> Kontaktieren Sie uns Wir stehen Ihnen gerne zur Verf\u00fcgung, um alle Ihre Fragen zu OekoStroum oder zu unseren verschiedenen Einrichtungen in Luxemburg zu beantworten. Finde uns &#8222;Wir k\u00f6nnen die Windrichtung nicht \u00e4ndern, aber wir k\u00f6nnen die Segel richtig setzen&#8220; Adresse: 11, Rue PrincipaleL-6557 Dickweiler Telefon: +352 26 74 31 36 Email: info@oekostroum.lu<\/p>\n","protected":false},"author":1,"featured_media":0,"parent":0,"menu_order":0,"comment_status":"closed","ping_status":"closed","template":"","meta":{"footnotes":""},"class_list":["post-30428","page","type-page","status-publish","hentry"],"yoast_head":"<!-- This site is optimized with the Yoast SEO plugin v26.5 - https:\/\/yoast.com\/wordpress\/plugins\/seo\/ -->\n<title>OekoStroum - Kontaktieren Sie uns<\/title>\n<meta name=\"description\" content=\"Wir stehen Ihnen gerne zur Verf\u00fcgung, um alle Ihre Fragen zu OekoStroum oder zu unseren verschiedenen Einrichtungen in Luxemburg zu beantworten.\" \/>\n<meta name=\"robots\" content=\"index, follow, max-snippet:-1, max-image-preview:large, max-video-preview:-1\" \/>\n<link rel=\"canonical\" href=\"https:\/\/www.oekostroum.lu\/de\/kontakt\/\" \/>\n<meta property=\"og:locale\" content=\"de_DE\" \/>\n<meta property=\"og:type\" content=\"article\" \/>\n<meta property=\"og:title\" content=\"OekoStroum - Kontaktieren Sie uns\" \/>\n<meta property=\"og:description\" content=\"Wir stehen Ihnen gerne zur Verf\u00fcgung, um alle Ihre Fragen zu OekoStroum oder zu unseren verschiedenen Einrichtungen in Luxemburg zu beantworten.\" \/>\n<meta property=\"og:url\" content=\"https:\/\/www.oekostroum.lu\/de\/kontakt\/\" \/>\n<meta property=\"og:site_name\" content=\"Oekostroum Luxembourg\" \/>\n<meta property=\"article:modified_time\" content=\"2022-11-14T08:56:41+00:00\" \/>\n<meta name=\"twitter:card\" content=\"summary_large_image\" \/>\n<meta name=\"twitter:label1\" content=\"Gesch\u00e4tzte Lesezeit\" \/>\n\t<meta name=\"twitter:data1\" content=\"10\u00a0Minuten\" \/>\n<script type=\"application\/ld+json\" class=\"yoast-schema-graph\">{\"@context\":\"https:\/\/schema.org\",\"@graph\":[{\"@type\":\"WebPage\",\"@id\":\"https:\/\/www.oekostroum.lu\/de\/kontakt\/\",\"url\":\"https:\/\/www.oekostroum.lu\/de\/kontakt\/\",\"name\":\"OekoStroum - Kontaktieren Sie uns\",\"isPartOf\":{\"@id\":\"https:\/\/www.oekostroum.lu\/de\/#website\"},\"datePublished\":\"2019-06-19T09:15:55+00:00\",\"dateModified\":\"2022-11-14T08:56:41+00:00\",\"description\":\"Wir stehen Ihnen gerne zur Verf\u00fcgung, um alle Ihre Fragen zu OekoStroum oder zu unseren verschiedenen Einrichtungen in Luxemburg zu beantworten.\",\"breadcrumb\":{\"@id\":\"https:\/\/www.oekostroum.lu\/de\/kontakt\/#breadcrumb\"},\"inLanguage\":\"de\",\"potentialAction\":[{\"@type\":\"ReadAction\",\"target\":[\"https:\/\/www.oekostroum.lu\/de\/kontakt\/\"]}]},{\"@type\":\"BreadcrumbList\",\"@id\":\"https:\/\/www.oekostroum.lu\/de\/kontakt\/#breadcrumb\",\"itemListElement\":[{\"@type\":\"ListItem\",\"position\":1,\"name\":\"Accueil\",\"item\":\"https:\/\/www.oekostroum.lu\/de\/\"},{\"@type\":\"ListItem\",\"position\":2,\"name\":\"KONTAKT\"}]},{\"@type\":\"WebSite\",\"@id\":\"https:\/\/www.oekostroum.lu\/de\/#website\",\"url\":\"https:\/\/www.oekostroum.lu\/de\/\",\"name\":\"Oekostroum Luxembourg\",\"description\":\"Le plus performant parc \u00e9olien au Luxembourg\",\"publisher\":{\"@id\":\"https:\/\/www.oekostroum.lu\/de\/#organization\"},\"potentialAction\":[{\"@type\":\"SearchAction\",\"target\":{\"@type\":\"EntryPoint\",\"urlTemplate\":\"https:\/\/www.oekostroum.lu\/de\/?s={search_term_string}\"},\"query-input\":{\"@type\":\"PropertyValueSpecification\",\"valueRequired\":true,\"valueName\":\"search_term_string\"}}],\"inLanguage\":\"de\"},{\"@type\":\"Organization\",\"@id\":\"https:\/\/www.oekostroum.lu\/de\/#organization\",\"name\":\"Oekostroum Luxembourg\",\"url\":\"https:\/\/www.oekostroum.lu\/de\/\",\"logo\":{\"@type\":\"ImageObject\",\"inLanguage\":\"de\",\"@id\":\"https:\/\/www.oekostroum.lu\/de\/#\/schema\/logo\/image\/\",\"url\":\"https:\/\/www.oekostroum.lu\/wp-content\/uploads\/2022\/02\/logo_OEKE.png\",\"contentUrl\":\"https:\/\/www.oekostroum.lu\/wp-content\/uploads\/2022\/02\/logo_OEKE.png\",\"width\":952,\"height\":463,\"caption\":\"Oekostroum Luxembourg\"},\"image\":{\"@id\":\"https:\/\/www.oekostroum.lu\/de\/#\/schema\/logo\/image\/\"}}]}<\/script>\n<!-- \/ Yoast SEO plugin. -->","yoast_head_json":{"title":"OekoStroum - Kontaktieren Sie uns","description":"Wir stehen Ihnen gerne zur Verf\u00fcgung, um alle Ihre Fragen zu OekoStroum oder zu unseren verschiedenen Einrichtungen in Luxemburg zu beantworten.","robots":{"index":"index","follow":"follow","max-snippet":"max-snippet:-1","max-image-preview":"max-image-preview:large","max-video-preview":"max-video-preview:-1"},"canonical":"https:\/\/www.oekostroum.lu\/de\/kontakt\/","og_locale":"de_DE","og_type":"article","og_title":"OekoStroum - Kontaktieren Sie uns","og_description":"Wir stehen Ihnen gerne zur Verf\u00fcgung, um alle Ihre Fragen zu OekoStroum oder zu unseren verschiedenen Einrichtungen in Luxemburg zu beantworten.","og_url":"https:\/\/www.oekostroum.lu\/de\/kontakt\/","og_site_name":"Oekostroum Luxembourg","article_modified_time":"2022-11-14T08:56:41+00:00","twitter_card":"summary_large_image","twitter_misc":{"Gesch\u00e4tzte Lesezeit":"10\u00a0Minuten"},"schema":{"@context":"https:\/\/schema.org","@graph":[{"@type":"WebPage","@id":"https:\/\/www.oekostroum.lu\/de\/kontakt\/","url":"https:\/\/www.oekostroum.lu\/de\/kontakt\/","name":"OekoStroum - Kontaktieren Sie uns","isPartOf":{"@id":"https:\/\/www.oekostroum.lu\/de\/#website"},"datePublished":"2019-06-19T09:15:55+00:00","dateModified":"2022-11-14T08:56:41+00:00","description":"Wir stehen Ihnen gerne zur Verf\u00fcgung, um alle Ihre Fragen zu OekoStroum oder zu unseren verschiedenen Einrichtungen in Luxemburg zu beantworten.","breadcrumb":{"@id":"https:\/\/www.oekostroum.lu\/de\/kontakt\/#breadcrumb"},"inLanguage":"de","potentialAction":[{"@type":"ReadAction","target":["https:\/\/www.oekostroum.lu\/de\/kontakt\/"]}]},{"@type":"BreadcrumbList","@id":"https:\/\/www.oekostroum.lu\/de\/kontakt\/#breadcrumb","itemListElement":[{"@type":"ListItem","position":1,"name":"Accueil","item":"https:\/\/www.oekostroum.lu\/de\/"},{"@type":"ListItem","position":2,"name":"KONTAKT"}]},{"@type":"WebSite","@id":"https:\/\/www.oekostroum.lu\/de\/#website","url":"https:\/\/www.oekostroum.lu\/de\/","name":"Oekostroum Luxembourg","description":"Le plus performant parc \u00e9olien au Luxembourg","publisher":{"@id":"https:\/\/www.oekostroum.lu\/de\/#organization"},"potentialAction":[{"@type":"SearchAction","target":{"@type":"EntryPoint","urlTemplate":"https:\/\/www.oekostroum.lu\/de\/?s={search_term_string}"},"query-input":{"@type":"PropertyValueSpecification","valueRequired":true,"valueName":"search_term_string"}}],"inLanguage":"de"},{"@type":"Organization","@id":"https:\/\/www.oekostroum.lu\/de\/#organization","name":"Oekostroum Luxembourg","url":"https:\/\/www.oekostroum.lu\/de\/","logo":{"@type":"ImageObject","inLanguage":"de","@id":"https:\/\/www.oekostroum.lu\/de\/#\/schema\/logo\/image\/","url":"https:\/\/www.oekostroum.lu\/wp-content\/uploads\/2022\/02\/logo_OEKE.png","contentUrl":"https:\/\/www.oekostroum.lu\/wp-content\/uploads\/2022\/02\/logo_OEKE.png","width":952,"height":463,"caption":"Oekostroum Luxembourg"},"image":{"@id":"https:\/\/www.oekostroum.lu\/de\/#\/schema\/logo\/image\/"}}]}},"_links":{"self":[{"href":"https:\/\/www.oekostroum.lu\/de\/wp-json\/wp\/v2\/pages\/30428","targetHints":{"allow":["GET"]}}],"collection":[{"href":"https:\/\/www.oekostroum.lu\/de\/wp-json\/wp\/v2\/pages"}],"about":[{"href":"https:\/\/www.oekostroum.lu\/de\/wp-json\/wp\/v2\/types\/page"}],"author":[{"embeddable":true,"href":"https:\/\/www.oekostroum.lu\/de\/wp-json\/wp\/v2\/users\/1"}],"replies":[{"embeddable":true,"href":"https:\/\/www.oekostroum.lu\/de\/wp-json\/wp\/v2\/comments?post=30428"}],"version-history":[{"count":8,"href":"https:\/\/www.oekostroum.lu\/de\/wp-json\/wp\/v2\/pages\/30428\/revisions"}],"predecessor-version":[{"id":30610,"href":"https:\/\/www.oekostroum.lu\/de\/wp-json\/wp\/v2\/pages\/30428\/revisions\/30610"}],"wp:attachment":[{"href":"https:\/\/www.oekostroum.lu\/de\/wp-json\/wp\/v2\/media?parent=30428"}],"curies":[{"name":"wp","href":"https:\/\/api.w.org\/{rel}","templated":true}]}}