{"id":30429,"date":"2022-10-11T11:27:01","date_gmt":"2022-10-11T09:27:01","guid":{"rendered":"https:\/\/www.oekostroum.lu\/faq\/"},"modified":"2022-11-10T14:23:01","modified_gmt":"2022-11-10T13:23:01","slug":"faq","status":"publish","type":"page","link":"https:\/\/www.oekostroum.lu\/de\/faq\/","title":{"rendered":"FAQ"},"content":{"rendered":"\t\t<div data-elementor-type=\"wp-page\" data-elementor-id=\"30429\" class=\"elementor elementor-30429\" data-elementor-post-type=\"page\">\n\t\t\t\t\t\t<section class=\"xts-negative-gap elementor-section elementor-top-section elementor-element elementor-element-a928da6 elementor-section-boxed elementor-section-height-default elementor-section-height-default xts-section-disabled\" data-id=\"a928da6\" data-element_type=\"section\">\n\t\t\t\t\t\t<div class=\"elementor-container elementor-column-gap-default\">\n\t\t\t\t\t<div class=\"elementor-column elementor-col-100 elementor-top-column elementor-element elementor-element-531e0bc\" data-id=\"531e0bc\" data-element_type=\"column\">\n\t\t\t<div class=\"elementor-widget-wrap elementor-element-populated\">\n\t\t\t\t\t\t<div class=\"elementor-element elementor-element-7931ab8 elementor-widget elementor-widget-accordion\" data-id=\"7931ab8\" data-element_type=\"widget\" data-widget_type=\"accordion.default\">\n\t\t\t\t<div class=\"elementor-widget-container\">\n\t\t\t\t\t\t\t<div class=\"elementor-accordion\">\n\t\t\t\t\t\t\t<div class=\"elementor-accordion-item\">\n\t\t\t\t\t<div id=\"elementor-tab-title-1271\" class=\"elementor-tab-title\" data-tab=\"1\" role=\"button\" aria-controls=\"elementor-tab-content-1271\" aria-expanded=\"false\">\n\t\t\t\t\t\t\t\t\t\t\t\t\t<span class=\"elementor-accordion-icon elementor-accordion-icon-left\" aria-hidden=\"true\">\n\t\t\t\t\t\t\t\t\t\t\t\t\t\t\t<span class=\"elementor-accordion-icon-closed\"><i class=\"fas fa-plus\"><\/i><\/span>\n\t\t\t\t\t\t\t\t<span class=\"elementor-accordion-icon-opened\"><i class=\"fas fa-minus\"><\/i><\/span>\n\t\t\t\t\t\t\t\t\t\t\t\t\t\t<\/span>\n\t\t\t\t\t\t\t\t\t\t\t\t<a class=\"elementor-accordion-title\" tabindex=\"0\">Qu\u2019est-ce que l\u2019\u00e9nergie \u00e9olienne ?<\/a>\n\t\t\t\t\t<\/div>\n\t\t\t\t\t<div id=\"elementor-tab-content-1271\" class=\"elementor-tab-content elementor-clearfix\" data-tab=\"1\" role=\"region\" aria-labelledby=\"elementor-tab-title-1271\"><p>L\u2019\u00e9nergie \u00e9olienne est une source d\u2019\u00e9nergie qui fonctionne gr\u00e2ce au vent.\u00a0<\/p><p>En chauffant la terre de mani\u00e8re in\u00e9gale, le soleil entra\u00eene la cr\u00e9ation de zones de temp\u00e9ratures et de pressions atmosph\u00e9riques diff\u00e9rentes tout autour du globe.<\/p><p>Ces diff\u00e9rences de pression cr\u00e9ent des mouvements d\u2019air, que l\u2019on appelle le vent.<\/p><p>L\u2019\u00e9olienne transforme donc l\u2019<strong>\u00e9nergie du vent (cin\u00e9tique)\u00a0<\/strong>en\u00a0<strong>\u00e9nergie m\u00e9canique\u00a0<\/strong>puis gr\u00e2ce \u00e0 l\u2019alternateur, en\u00a0<strong>\u00e9nergie \u00e9lectrique<\/strong>.<\/p><\/div>\n\t\t\t\t<\/div>\n\t\t\t\t\t\t\t<div class=\"elementor-accordion-item\">\n\t\t\t\t\t<div id=\"elementor-tab-title-1272\" class=\"elementor-tab-title\" data-tab=\"2\" role=\"button\" aria-controls=\"elementor-tab-content-1272\" aria-expanded=\"false\">\n\t\t\t\t\t\t\t\t\t\t\t\t\t<span class=\"elementor-accordion-icon elementor-accordion-icon-left\" aria-hidden=\"true\">\n\t\t\t\t\t\t\t\t\t\t\t\t\t\t\t<span class=\"elementor-accordion-icon-closed\"><i class=\"fas fa-plus\"><\/i><\/span>\n\t\t\t\t\t\t\t\t<span class=\"elementor-accordion-icon-opened\"><i class=\"fas fa-minus\"><\/i><\/span>\n\t\t\t\t\t\t\t\t\t\t\t\t\t\t<\/span>\n\t\t\t\t\t\t\t\t\t\t\t\t<a class=\"elementor-accordion-title\" tabindex=\"0\">Comment fonctionne une \u00e9olienne ?<\/a>\n\t\t\t\t\t<\/div>\n\t\t\t\t\t<div id=\"elementor-tab-content-1272\" class=\"elementor-tab-content elementor-clearfix\" data-tab=\"2\" role=\"region\" aria-labelledby=\"elementor-tab-title-1272\"><p>Sous l\u2019effet du vent qui exerce une force sur le rotor de l\u2019\u00e9olienne, les pales se mettent \u00e0 tourner. Dans la majorit\u00e9 des cas, l\u2019\u00e9nergie m\u00e9canique du rotor de l\u2019\u00e9olienne est transform\u00e9e en \u00e9nergie \u00e9lectrique via un g\u00e9n\u00e9rateur.<\/p><p>Plus la tour et donc l\u2019\u00e9olienne est grande, plus l\u2019\u00e9nergie est importante. Il faut savoir que les vents sont plus puissants en hauteur.<\/p><p>Les pales du rotor ont pour fonction de capter le vent et de diriger la puissance vers le moyeu.<\/p><p>Le multiplicateur se situe entre l\u2019arbre d\u2019entrainement \u00e0 vitesse lente et l\u2019arbre de sortie \u00e0 vitesse rapide. Il fait en sorte que l\u2019arbre de sortie tourne environ 50x plus vite que l\u2019arbre d\u2019entr\u00e9e. L\u2019arbre de sortie \u00e0 grande vitesse entraine le g\u00e9n\u00e9rateur \u00e9lectrique.<\/p><p>L\u2019\u00e9olienne peut produire de l\u2019\u00e9nergie \u00e0 partir d\u2019un vent de 10km\/h.<\/p><p>Par contre, pour des raisons de s\u00e9curit\u00e9 et pour limiter l\u2019usure du m\u00e9canisme, les pales s\u2019arr\u00eatent automatiquement au-del\u00e0 de 90km\/h.<\/p><\/div>\n\t\t\t\t<\/div>\n\t\t\t\t\t\t\t<div class=\"elementor-accordion-item\">\n\t\t\t\t\t<div id=\"elementor-tab-title-1273\" class=\"elementor-tab-title\" data-tab=\"3\" role=\"button\" aria-controls=\"elementor-tab-content-1273\" aria-expanded=\"false\">\n\t\t\t\t\t\t\t\t\t\t\t\t\t<span class=\"elementor-accordion-icon elementor-accordion-icon-left\" aria-hidden=\"true\">\n\t\t\t\t\t\t\t\t\t\t\t\t\t\t\t<span class=\"elementor-accordion-icon-closed\"><i class=\"fas fa-plus\"><\/i><\/span>\n\t\t\t\t\t\t\t\t<span class=\"elementor-accordion-icon-opened\"><i class=\"fas fa-minus\"><\/i><\/span>\n\t\t\t\t\t\t\t\t\t\t\t\t\t\t<\/span>\n\t\t\t\t\t\t\t\t\t\t\t\t<a class=\"elementor-accordion-title\" tabindex=\"0\">Quels sont les avantages de l'\u00e9nergie \u00e9olienne ?<\/a>\n\t\t\t\t\t<\/div>\n\t\t\t\t\t<div id=\"elementor-tab-content-1273\" class=\"elementor-tab-content elementor-clearfix\" data-tab=\"3\" role=\"region\" aria-labelledby=\"elementor-tab-title-1273\"><p><strong>1)<\/strong> <strong>Le vent est une ressource qui existera toujours <\/strong><br \/>La r\u00e9partition in\u00e9gale du rayonnement solaire sur notre terre garantissant des diff\u00e9rences de temp\u00e9rature et, par cons\u00e9quent, des diff\u00e9rences de pression, il y aura toujours du vent. Avec les \u00e9nergies renouvelables, notamment l&#8217;\u00e9nergie \u00e9olienne, il n&#8217;y aura jamais de probl\u00e8me de p\u00e9nurie de ressources, comme c&#8217;est le cas avec les combustibles fossiles tels que le p\u00e9trole, le gaz naturel et le charbon.<\/p><p><strong>2)<\/strong> <strong>Une empreinte carbone presque nulle <br \/><\/strong>\u00c9tant donn\u00e9 qu&#8217;aucune \u00e9mission de dioxyde de carbone (CO2), un gaz nocif pour le climat, n&#8217;est produite pendant l&#8217;exploitation d&#8217;une \u00e9olienne, une utilisation accrue des \u00e9oliennes a un effet positif sur les \u00e9missions totales de CO2 et contribue consid\u00e9rablement \u00e0 r\u00e9duire les effets n\u00e9fastes du changement climatique.<\/p><p><strong>3)<\/strong> <strong>Les \u00e9oliennes sont recyclables<\/strong> <strong><br \/><\/strong>Une fois qu\u2019elles sont hors d\u2019usage, une \u00e9olienne peut \u00eatre compl\u00e9tement d\u00e9mantel\u00e9e. Cela fait partie des permis de construire et c\u2019est pr\u00e9vu dans le financement. Les \u00e9oliennes modernes peuvent \u00eatre presque enti\u00e8rement recycl\u00e9es. C\u2019est ce qu\u2019on appelle le repowering.<\/p><p><strong>4)<\/strong> <strong>L\u2019\u00e9nergie \u00e9olienne convient aux pays pauvres en mati\u00e8re premi\u00e8res<\/strong> <strong><br \/><\/strong>Le Luxembourg est un pays qui ne produit presque pas de mati\u00e8res premi\u00e8res. Gr\u00e2ce \u00e0 l\u2019\u00e9nergie \u00e9olienne, il y a donc moins d\u2019importation d\u2019\u00e9nergie \u00e9trang\u00e8re.<\/p><p><strong>5)<\/strong> <strong>Les \u00e9oliennes sont de plus en plus efficaces<\/strong> <strong><br \/><\/strong>Au fil des ann\u00e9es, les \u00e9oliennes deviennent de plus en plus grandes et donc de plus en plus performantes. Elles produisent donc toujours plus d\u2019\u00e9lectricit\u00e9.<\/p><\/div>\n\t\t\t\t<\/div>\n\t\t\t\t\t\t\t<div class=\"elementor-accordion-item\">\n\t\t\t\t\t<div id=\"elementor-tab-title-1274\" class=\"elementor-tab-title\" data-tab=\"4\" role=\"button\" aria-controls=\"elementor-tab-content-1274\" aria-expanded=\"false\">\n\t\t\t\t\t\t\t\t\t\t\t\t\t<span class=\"elementor-accordion-icon elementor-accordion-icon-left\" aria-hidden=\"true\">\n\t\t\t\t\t\t\t\t\t\t\t\t\t\t\t<span class=\"elementor-accordion-icon-closed\"><i class=\"fas fa-plus\"><\/i><\/span>\n\t\t\t\t\t\t\t\t<span class=\"elementor-accordion-icon-opened\"><i class=\"fas fa-minus\"><\/i><\/span>\n\t\t\t\t\t\t\t\t\t\t\t\t\t\t<\/span>\n\t\t\t\t\t\t\t\t\t\t\t\t<a class=\"elementor-accordion-title\" tabindex=\"0\">Quelques chiffres sur l'\u00e9olien au Luxembourg<\/a>\n\t\t\t\t\t<\/div>\n\t\t\t\t\t<div id=\"elementor-tab-content-1274\" class=\"elementor-tab-content elementor-clearfix\" data-tab=\"4\" role=\"region\" aria-labelledby=\"elementor-tab-title-1274\"><ul><li><b><span style=\"font-size: x-large;\">56\u00a0<\/span><\/b>\u00e9oliennes existantes et 23 autoris\u00e9es en 2022<\/li><li><b><span style=\"font-size: x-large;\">15,2%\u00a0<\/span><\/b>de part des \u00e9nergies renouvelables dans la consommation finale d\u2019\u00e9nergie en 2021<\/li><li><b><span style=\"font-size: x-large;\">314 GWh<\/span><\/b>\u00a0de production d\u2019\u00e9nergie \u00e9lectrique gr\u00e2ce \u00e0 l\u2019\u00e9olien en 2021<\/li><li><b><span style=\"font-size: x-large;\">67 000<\/span><\/b>\u00a0m\u00e9nages aliment\u00e9es en \u00e9lectricit\u00e9 gr\u00e2ce aux \u00e9oliennes en 2021<\/li><\/ul><\/div>\n\t\t\t\t<\/div>\n\t\t\t\t\t\t\t\t<\/div>\n\t\t\t\t\t\t<\/div>\n\t\t\t\t<\/div>\n\t\t\t\t\t<\/div>\n\t\t<\/div>\n\t\t\t\t\t<\/div>\n\t\t<\/section>\n\t\t\t\t<\/div>\n\t\t","protected":false},"excerpt":{"rendered":"<p>Qu\u2019est-ce que l\u2019\u00e9nergie \u00e9olienne ? L\u2019\u00e9nergie \u00e9olienne est une source d\u2019\u00e9nergie qui fonctionne gr\u00e2ce au vent. En chauffant la terre de mani\u00e8re in\u00e9gale, le soleil entra\u00eene la cr\u00e9ation de zones de temp\u00e9ratures et de pressions atmosph\u00e9riques diff\u00e9rentes tout autour du globe. Ces diff\u00e9rences de pression cr\u00e9ent des mouvements d\u2019air, que l\u2019on appelle le vent. L\u2019\u00e9olienne [&hellip;]<\/p>\n","protected":false},"author":1,"featured_media":0,"parent":0,"menu_order":0,"comment_status":"closed","ping_status":"closed","template":"","meta":{"footnotes":""},"class_list":["post-30429","page","type-page","status-publish","hentry"],"yoast_head":"<!-- This site is optimized with the Yoast SEO plugin v26.5 - https:\/\/yoast.com\/wordpress\/plugins\/seo\/ -->\n<title>OekoStroum - Foire aux questions<\/title>\n<meta name=\"description\" content=\"Dans ce FAQ, nous r\u00e9pondons \u00e0 toutes les questions que vous pouvez vous poser concernant l&#039;\u00e9olien et les \u00e9nergies renouvelables au Luxembourg et \u00e0 l&#039;\u00e9tranger.\" \/>\n<meta name=\"robots\" content=\"index, follow, max-snippet:-1, max-image-preview:large, max-video-preview:-1\" \/>\n<link rel=\"canonical\" href=\"https:\/\/www.oekostroum.lu\/de\/faq\/\" \/>\n<meta property=\"og:locale\" content=\"de_DE\" \/>\n<meta property=\"og:type\" content=\"article\" \/>\n<meta property=\"og:title\" content=\"OekoStroum - Foire aux questions\" \/>\n<meta property=\"og:description\" content=\"Dans ce FAQ, nous r\u00e9pondons \u00e0 toutes les questions que vous pouvez vous poser concernant l&#039;\u00e9olien et les \u00e9nergies renouvelables au Luxembourg et \u00e0 l&#039;\u00e9tranger.\" \/>\n<meta property=\"og:url\" content=\"https:\/\/www.oekostroum.lu\/de\/faq\/\" \/>\n<meta property=\"og:site_name\" content=\"Oekostroum Luxembourg\" \/>\n<meta property=\"article:modified_time\" content=\"2022-11-10T13:23:01+00:00\" \/>\n<meta name=\"twitter:card\" content=\"summary_large_image\" \/>\n<meta name=\"twitter:label1\" content=\"Gesch\u00e4tzte Lesezeit\" \/>\n\t<meta name=\"twitter:data1\" content=\"3\u00a0Minuten\" \/>\n<script type=\"application\/ld+json\" class=\"yoast-schema-graph\">{\"@context\":\"https:\/\/schema.org\",\"@graph\":[{\"@type\":\"WebPage\",\"@id\":\"https:\/\/www.oekostroum.lu\/de\/faq\/\",\"url\":\"https:\/\/www.oekostroum.lu\/de\/faq\/\",\"name\":\"OekoStroum - Foire aux questions\",\"isPartOf\":{\"@id\":\"https:\/\/www.oekostroum.lu\/de\/#website\"},\"datePublished\":\"2022-10-11T09:27:01+00:00\",\"dateModified\":\"2022-11-10T13:23:01+00:00\",\"description\":\"Dans ce FAQ, nous r\u00e9pondons \u00e0 toutes les questions que vous pouvez vous poser concernant l'\u00e9olien et les \u00e9nergies renouvelables au Luxembourg et \u00e0 l'\u00e9tranger.\",\"breadcrumb\":{\"@id\":\"https:\/\/www.oekostroum.lu\/de\/faq\/#breadcrumb\"},\"inLanguage\":\"de\",\"potentialAction\":[{\"@type\":\"ReadAction\",\"target\":[\"https:\/\/www.oekostroum.lu\/de\/faq\/\"]}]},{\"@type\":\"BreadcrumbList\",\"@id\":\"https:\/\/www.oekostroum.lu\/de\/faq\/#breadcrumb\",\"itemListElement\":[{\"@type\":\"ListItem\",\"position\":1,\"name\":\"Accueil\",\"item\":\"https:\/\/www.oekostroum.lu\/de\/\"},{\"@type\":\"ListItem\",\"position\":2,\"name\":\"FAQ\"}]},{\"@type\":\"WebSite\",\"@id\":\"https:\/\/www.oekostroum.lu\/de\/#website\",\"url\":\"https:\/\/www.oekostroum.lu\/de\/\",\"name\":\"Oekostroum Luxembourg\",\"description\":\"Le plus performant parc \u00e9olien au Luxembourg\",\"publisher\":{\"@id\":\"https:\/\/www.oekostroum.lu\/de\/#organization\"},\"potentialAction\":[{\"@type\":\"SearchAction\",\"target\":{\"@type\":\"EntryPoint\",\"urlTemplate\":\"https:\/\/www.oekostroum.lu\/de\/?s={search_term_string}\"},\"query-input\":{\"@type\":\"PropertyValueSpecification\",\"valueRequired\":true,\"valueName\":\"search_term_string\"}}],\"inLanguage\":\"de\"},{\"@type\":\"Organization\",\"@id\":\"https:\/\/www.oekostroum.lu\/de\/#organization\",\"name\":\"Oekostroum Luxembourg\",\"url\":\"https:\/\/www.oekostroum.lu\/de\/\",\"logo\":{\"@type\":\"ImageObject\",\"inLanguage\":\"de\",\"@id\":\"https:\/\/www.oekostroum.lu\/de\/#\/schema\/logo\/image\/\",\"url\":\"https:\/\/www.oekostroum.lu\/wp-content\/uploads\/2022\/02\/logo_OEKE.png\",\"contentUrl\":\"https:\/\/www.oekostroum.lu\/wp-content\/uploads\/2022\/02\/logo_OEKE.png\",\"width\":952,\"height\":463,\"caption\":\"Oekostroum Luxembourg\"},\"image\":{\"@id\":\"https:\/\/www.oekostroum.lu\/de\/#\/schema\/logo\/image\/\"}}]}<\/script>\n<!-- \/ Yoast SEO plugin. -->","yoast_head_json":{"title":"OekoStroum - Foire aux questions","description":"Dans ce FAQ, nous r\u00e9pondons \u00e0 toutes les questions que vous pouvez vous poser concernant l'\u00e9olien et les \u00e9nergies renouvelables au Luxembourg et \u00e0 l'\u00e9tranger.","robots":{"index":"index","follow":"follow","max-snippet":"max-snippet:-1","max-image-preview":"max-image-preview:large","max-video-preview":"max-video-preview:-1"},"canonical":"https:\/\/www.oekostroum.lu\/de\/faq\/","og_locale":"de_DE","og_type":"article","og_title":"OekoStroum - Foire aux questions","og_description":"Dans ce FAQ, nous r\u00e9pondons \u00e0 toutes les questions que vous pouvez vous poser concernant l'\u00e9olien et les \u00e9nergies renouvelables au Luxembourg et \u00e0 l'\u00e9tranger.","og_url":"https:\/\/www.oekostroum.lu\/de\/faq\/","og_site_name":"Oekostroum Luxembourg","article_modified_time":"2022-11-10T13:23:01+00:00","twitter_card":"summary_large_image","twitter_misc":{"Gesch\u00e4tzte Lesezeit":"3\u00a0Minuten"},"schema":{"@context":"https:\/\/schema.org","@graph":[{"@type":"WebPage","@id":"https:\/\/www.oekostroum.lu\/de\/faq\/","url":"https:\/\/www.oekostroum.lu\/de\/faq\/","name":"OekoStroum - Foire aux questions","isPartOf":{"@id":"https:\/\/www.oekostroum.lu\/de\/#website"},"datePublished":"2022-10-11T09:27:01+00:00","dateModified":"2022-11-10T13:23:01+00:00","description":"Dans ce FAQ, nous r\u00e9pondons \u00e0 toutes les questions que vous pouvez vous poser concernant l'\u00e9olien et les \u00e9nergies renouvelables au Luxembourg et \u00e0 l'\u00e9tranger.","breadcrumb":{"@id":"https:\/\/www.oekostroum.lu\/de\/faq\/#breadcrumb"},"inLanguage":"de","potentialAction":[{"@type":"ReadAction","target":["https:\/\/www.oekostroum.lu\/de\/faq\/"]}]},{"@type":"BreadcrumbList","@id":"https:\/\/www.oekostroum.lu\/de\/faq\/#breadcrumb","itemListElement":[{"@type":"ListItem","position":1,"name":"Accueil","item":"https:\/\/www.oekostroum.lu\/de\/"},{"@type":"ListItem","position":2,"name":"FAQ"}]},{"@type":"WebSite","@id":"https:\/\/www.oekostroum.lu\/de\/#website","url":"https:\/\/www.oekostroum.lu\/de\/","name":"Oekostroum Luxembourg","description":"Le plus performant parc \u00e9olien au Luxembourg","publisher":{"@id":"https:\/\/www.oekostroum.lu\/de\/#organization"},"potentialAction":[{"@type":"SearchAction","target":{"@type":"EntryPoint","urlTemplate":"https:\/\/www.oekostroum.lu\/de\/?s={search_term_string}"},"query-input":{"@type":"PropertyValueSpecification","valueRequired":true,"valueName":"search_term_string"}}],"inLanguage":"de"},{"@type":"Organization","@id":"https:\/\/www.oekostroum.lu\/de\/#organization","name":"Oekostroum Luxembourg","url":"https:\/\/www.oekostroum.lu\/de\/","logo":{"@type":"ImageObject","inLanguage":"de","@id":"https:\/\/www.oekostroum.lu\/de\/#\/schema\/logo\/image\/","url":"https:\/\/www.oekostroum.lu\/wp-content\/uploads\/2022\/02\/logo_OEKE.png","contentUrl":"https:\/\/www.oekostroum.lu\/wp-content\/uploads\/2022\/02\/logo_OEKE.png","width":952,"height":463,"caption":"Oekostroum Luxembourg"},"image":{"@id":"https:\/\/www.oekostroum.lu\/de\/#\/schema\/logo\/image\/"}}]}},"_links":{"self":[{"href":"https:\/\/www.oekostroum.lu\/de\/wp-json\/wp\/v2\/pages\/30429","targetHints":{"allow":["GET"]}}],"collection":[{"href":"https:\/\/www.oekostroum.lu\/de\/wp-json\/wp\/v2\/pages"}],"about":[{"href":"https:\/\/www.oekostroum.lu\/de\/wp-json\/wp\/v2\/types\/page"}],"author":[{"embeddable":true,"href":"https:\/\/www.oekostroum.lu\/de\/wp-json\/wp\/v2\/users\/1"}],"replies":[{"embeddable":true,"href":"https:\/\/www.oekostroum.lu\/de\/wp-json\/wp\/v2\/comments?post=30429"}],"version-history":[{"count":2,"href":"https:\/\/www.oekostroum.lu\/de\/wp-json\/wp\/v2\/pages\/30429\/revisions"}],"predecessor-version":[{"id":30560,"href":"https:\/\/www.oekostroum.lu\/de\/wp-json\/wp\/v2\/pages\/30429\/revisions\/30560"}],"wp:attachment":[{"href":"https:\/\/www.oekostroum.lu\/de\/wp-json\/wp\/v2\/media?parent=30429"}],"curies":[{"name":"wp","href":"https:\/\/api.w.org\/{rel}","templated":true}]}}